{"id":2,"date":"2024-07-25T09:22:45","date_gmt":"2024-07-25T09:22:45","guid":{"rendered":"https:\/\/variovac.com\/anfrage\/?page_id=2"},"modified":"2024-07-25T09:57:45","modified_gmt":"2024-07-25T09:57:45","slug":"sample-page","status":"publish","type":"page","link":"https:\/\/variovac.com\/anfrage\/","title":{"rendered":"Anfrage"},"content":{"rendered":"\n<div class=\"wp-block-cover\"><span aria-hidden=\"true\" class=\"wp-block-cover__background has-background-dim\" style=\"background-color:#65605f\"><\/span><img loading=\"lazy\" decoding=\"async\" width=\"1910\" height=\"460\" class=\"wp-block-cover__image-background wp-image-12\" alt=\"\" src=\"https:\/\/variovac.com\/anfrage\/wp-content\/uploads\/2024\/07\/anfrageformular-waescheschacht.png\" data-object-fit=\"cover\" srcset=\"https:\/\/variovac.com\/anfrage\/wp-content\/uploads\/2024\/07\/anfrageformular-waescheschacht.png 1910w, https:\/\/variovac.com\/anfrage\/wp-content\/uploads\/2024\/07\/anfrageformular-waescheschacht-300x72.png 300w, https:\/\/variovac.com\/anfrage\/wp-content\/uploads\/2024\/07\/anfrageformular-waescheschacht-1024x247.png 1024w, https:\/\/variovac.com\/anfrage\/wp-content\/uploads\/2024\/07\/anfrageformular-waescheschacht-768x185.png 768w, https:\/\/variovac.com\/anfrage\/wp-content\/uploads\/2024\/07\/anfrageformular-waescheschacht-1536x370.png 1536w\" sizes=\"auto, (max-width: 1910px) 100vw, 1910px\" \/><div class=\"wp-block-cover__inner-container is-layout-constrained wp-block-cover-is-layout-constrained\">\n<p class=\"has-text-align-center has-xxlarge-font-size\"><strong>Anfrageformulare<\/strong><\/p>\n<\/div><\/div>\n\n\n\n<p>Zum <a href=\"https:\/\/variovac.com\/anfrage\/waescheschacht\/\">Anfrageformular f\u00fcr W\u00e4schesch\u00e4chte<\/a><\/p>\n\n\n\n<p>Zum <a href=\"https:\/\/variovac.com\/anfrage\/zentralstaubsauger\/\">Anfrageformular f\u00fcr Zentralstaubsauger<\/a><\/p>\n\n\n\n<p>Zum <a href=\"https:\/\/variovac.com\">Variovac-Shop<\/a><\/p>\n","protected":false},"excerpt":{"rendered":"<p>Zum Anfrageformular f\u00fcr W\u00e4schesch\u00e4chte Zum Anfrageformular f\u00fcr Zentralstaubsauger Zum Variovac-Shop<\/p>\n","protected":false},"author":1,"featured_media":0,"parent":0,"menu_order":0,"comment_status":"closed","ping_status":"open","template":"","meta":{"_kadence_starter_templates_imported_post":false,"_kad_post_transparent":"","_kad_post_title":"","_kad_post_layout":"","_kad_post_sidebar_id":"","_kad_post_content_style":"","_kad_post_vertical_padding":"","_kad_post_feature":"","_kad_post_feature_position":"","_kad_post_header":false,"_kad_post_footer":false,"footnotes":""},"class_list":["post-2","page","type-page","status-publish","hentry"],"yoast_head":"<!-- This site is optimized with the Yoast SEO plugin v23.1 - https:\/\/yoast.com\/wordpress\/plugins\/seo\/ -->\n<title>Anfrage - Variovac Anfrage<\/title>\n<meta name=\"robots\" content=\"index, follow, max-snippet:-1, max-image-preview:large, max-video-preview:-1\" \/>\n<link rel=\"canonical\" href=\"https:\/\/variovac.com\/anfrage\/\" \/>\n<meta property=\"og:locale\" content=\"de_DE\" \/>\n<meta property=\"og:type\" content=\"article\" \/>\n<meta property=\"og:title\" content=\"Anfrage - Variovac Anfrage\" \/>\n<meta property=\"og:description\" content=\"Zum Anfrageformular f\u00fcr W\u00e4schesch\u00e4chte Zum Anfrageformular f\u00fcr Zentralstaubsauger Zum Variovac-Shop\" \/>\n<meta property=\"og:url\" content=\"https:\/\/variovac.com\/anfrage\/\" \/>\n<meta property=\"og:site_name\" content=\"Variovac Anfrage\" \/>\n<meta property=\"article:modified_time\" content=\"2024-07-25T09:57:45+00:00\" \/>\n<meta property=\"og:image\" content=\"https:\/\/variovac.com\/anfrage\/wp-content\/uploads\/2024\/07\/anfrageformular-waescheschacht.png\" \/>\n<meta name=\"twitter:card\" content=\"summary_large_image\" \/>\n<meta name=\"twitter:label1\" content=\"Gesch\u00e4tzte Lesezeit\" \/>\n\t<meta name=\"twitter:data1\" content=\"1\u00a0Minute\" \/>\n<script type=\"application\/ld+json\" class=\"yoast-schema-graph\">{\"@context\":\"https:\/\/schema.org\",\"@graph\":[{\"@type\":\"WebPage\",\"@id\":\"https:\/\/variovac.com\/anfrage\/\",\"url\":\"https:\/\/variovac.com\/anfrage\/\",\"name\":\"Anfrage - Variovac Anfrage\",\"isPartOf\":{\"@id\":\"https:\/\/variovac.com\/anfrage\/#website\"},\"primaryImageOfPage\":{\"@id\":\"https:\/\/variovac.com\/anfrage\/#primaryimage\"},\"image\":{\"@id\":\"https:\/\/variovac.com\/anfrage\/#primaryimage\"},\"thumbnailUrl\":\"https:\/\/variovac.com\/anfrage\/wp-content\/uploads\/2024\/07\/anfrageformular-waescheschacht.png\",\"datePublished\":\"2024-07-25T09:22:45+00:00\",\"dateModified\":\"2024-07-25T09:57:45+00:00\",\"breadcrumb\":{\"@id\":\"https:\/\/variovac.com\/anfrage\/#breadcrumb\"},\"inLanguage\":\"de\",\"potentialAction\":[{\"@type\":\"ReadAction\",\"target\":[\"https:\/\/variovac.com\/anfrage\/\"]}]},{\"@type\":\"ImageObject\",\"inLanguage\":\"de\",\"@id\":\"https:\/\/variovac.com\/anfrage\/#primaryimage\",\"url\":\"https:\/\/variovac.com\/anfrage\/wp-content\/uploads\/2024\/07\/anfrageformular-waescheschacht.png\",\"contentUrl\":\"https:\/\/variovac.com\/anfrage\/wp-content\/uploads\/2024\/07\/anfrageformular-waescheschacht.png\",\"width\":1910,\"height\":460},{\"@type\":\"BreadcrumbList\",\"@id\":\"https:\/\/variovac.com\/anfrage\/#breadcrumb\",\"itemListElement\":[{\"@type\":\"ListItem\",\"position\":1,\"name\":\"Startseite\",\"item\":\"https:\/\/variovac.com\/anfrage\/\"},{\"@type\":\"ListItem\",\"position\":2,\"name\":\"Anfrage\"}]},{\"@type\":\"WebSite\",\"@id\":\"https:\/\/variovac.com\/anfrage\/#website\",\"url\":\"https:\/\/variovac.com\/anfrage\/\",\"name\":\"Variovac Anfrage\",\"description\":\"\",\"publisher\":{\"@id\":\"https:\/\/variovac.com\/anfrage\/#organization\"},\"potentialAction\":[{\"@type\":\"SearchAction\",\"target\":{\"@type\":\"EntryPoint\",\"urlTemplate\":\"https:\/\/variovac.com\/anfrage\/?s={search_term_string}\"},\"query-input\":\"required name=search_term_string\"}],\"inLanguage\":\"de\"},{\"@type\":\"Organization\",\"@id\":\"https:\/\/variovac.com\/anfrage\/#organization\",\"name\":\"Variovac Anfrage\",\"url\":\"https:\/\/variovac.com\/anfrage\/\",\"logo\":{\"@type\":\"ImageObject\",\"inLanguage\":\"de\",\"@id\":\"https:\/\/variovac.com\/anfrage\/#\/schema\/logo\/image\/\",\"url\":\"https:\/\/variovac.com\/anfrage\/wp-content\/uploads\/2024\/07\/cropped-variovac-logo-blau-grau-klein.jpg\",\"contentUrl\":\"https:\/\/variovac.com\/anfrage\/wp-content\/uploads\/2024\/07\/cropped-variovac-logo-blau-grau-klein.jpg\",\"width\":500,\"height\":500,\"caption\":\"Variovac Anfrage\"},\"image\":{\"@id\":\"https:\/\/variovac.com\/anfrage\/#\/schema\/logo\/image\/\"}}]}<\/script>\n<!-- \/ Yoast SEO plugin. -->","yoast_head_json":{"title":"Anfrage - Variovac Anfrage","robots":{"index":"index","follow":"follow","max-snippet":"max-snippet:-1","max-image-preview":"max-image-preview:large","max-video-preview":"max-video-preview:-1"},"canonical":"https:\/\/variovac.com\/anfrage\/","og_locale":"de_DE","og_type":"article","og_title":"Anfrage - Variovac Anfrage","og_description":"Zum Anfrageformular f\u00fcr W\u00e4schesch\u00e4chte Zum Anfrageformular f\u00fcr Zentralstaubsauger Zum Variovac-Shop","og_url":"https:\/\/variovac.com\/anfrage\/","og_site_name":"Variovac Anfrage","article_modified_time":"2024-07-25T09:57:45+00:00","og_image":[{"url":"https:\/\/variovac.com\/anfrage\/wp-content\/uploads\/2024\/07\/anfrageformular-waescheschacht.png"}],"twitter_card":"summary_large_image","twitter_misc":{"Gesch\u00e4tzte Lesezeit":"1\u00a0Minute"},"schema":{"@context":"https:\/\/schema.org","@graph":[{"@type":"WebPage","@id":"https:\/\/variovac.com\/anfrage\/","url":"https:\/\/variovac.com\/anfrage\/","name":"Anfrage - Variovac Anfrage","isPartOf":{"@id":"https:\/\/variovac.com\/anfrage\/#website"},"primaryImageOfPage":{"@id":"https:\/\/variovac.com\/anfrage\/#primaryimage"},"image":{"@id":"https:\/\/variovac.com\/anfrage\/#primaryimage"},"thumbnailUrl":"https:\/\/variovac.com\/anfrage\/wp-content\/uploads\/2024\/07\/anfrageformular-waescheschacht.png","datePublished":"2024-07-25T09:22:45+00:00","dateModified":"2024-07-25T09:57:45+00:00","breadcrumb":{"@id":"https:\/\/variovac.com\/anfrage\/#breadcrumb"},"inLanguage":"de","potentialAction":[{"@type":"ReadAction","target":["https:\/\/variovac.com\/anfrage\/"]}]},{"@type":"ImageObject","inLanguage":"de","@id":"https:\/\/variovac.com\/anfrage\/#primaryimage","url":"https:\/\/variovac.com\/anfrage\/wp-content\/uploads\/2024\/07\/anfrageformular-waescheschacht.png","contentUrl":"https:\/\/variovac.com\/anfrage\/wp-content\/uploads\/2024\/07\/anfrageformular-waescheschacht.png","width":1910,"height":460},{"@type":"BreadcrumbList","@id":"https:\/\/variovac.com\/anfrage\/#breadcrumb","itemListElement":[{"@type":"ListItem","position":1,"name":"Startseite","item":"https:\/\/variovac.com\/anfrage\/"},{"@type":"ListItem","position":2,"name":"Anfrage"}]},{"@type":"WebSite","@id":"https:\/\/variovac.com\/anfrage\/#website","url":"https:\/\/variovac.com\/anfrage\/","name":"Variovac Anfrage","description":"","publisher":{"@id":"https:\/\/variovac.com\/anfrage\/#organization"},"potentialAction":[{"@type":"SearchAction","target":{"@type":"EntryPoint","urlTemplate":"https:\/\/variovac.com\/anfrage\/?s={search_term_string}"},"query-input":"required name=search_term_string"}],"inLanguage":"de"},{"@type":"Organization","@id":"https:\/\/variovac.com\/anfrage\/#organization","name":"Variovac Anfrage","url":"https:\/\/variovac.com\/anfrage\/","logo":{"@type":"ImageObject","inLanguage":"de","@id":"https:\/\/variovac.com\/anfrage\/#\/schema\/logo\/image\/","url":"https:\/\/variovac.com\/anfrage\/wp-content\/uploads\/2024\/07\/cropped-variovac-logo-blau-grau-klein.jpg","contentUrl":"https:\/\/variovac.com\/anfrage\/wp-content\/uploads\/2024\/07\/cropped-variovac-logo-blau-grau-klein.jpg","width":500,"height":500,"caption":"Variovac Anfrage"},"image":{"@id":"https:\/\/variovac.com\/anfrage\/#\/schema\/logo\/image\/"}}]}},"_links":{"self":[{"href":"https:\/\/variovac.com\/anfrage\/wp-json\/wp\/v2\/pages\/2","targetHints":{"allow":["GET"]}}],"collection":[{"href":"https:\/\/variovac.com\/anfrage\/wp-json\/wp\/v2\/pages"}],"about":[{"href":"https:\/\/variovac.com\/anfrage\/wp-json\/wp\/v2\/types\/page"}],"author":[{"embeddable":true,"href":"https:\/\/variovac.com\/anfrage\/wp-json\/wp\/v2\/users\/1"}],"replies":[{"embeddable":true,"href":"https:\/\/variovac.com\/anfrage\/wp-json\/wp\/v2\/comments?post=2"}],"version-history":[{"count":1,"href":"https:\/\/variovac.com\/anfrage\/wp-json\/wp\/v2\/pages\/2\/revisions"}],"predecessor-version":[{"id":13,"href":"https:\/\/variovac.com\/anfrage\/wp-json\/wp\/v2\/pages\/2\/revisions\/13"}],"wp:attachment":[{"href":"https:\/\/variovac.com\/anfrage\/wp-json\/wp\/v2\/media?parent=2"}],"curies":[{"name":"wp","href":"https:\/\/api.w.org\/{rel}","templated":true}]}}